{"id":5641,"date":"2019-05-03T14:32:03","date_gmt":"2019-05-03T12:32:03","guid":{"rendered":"http:\/\/www.lespapiersdelespoir.fr\/?page_id=5641"},"modified":"2019-05-03T15:19:34","modified_gmt":"2019-05-03T13:19:34","slug":"nous-soutenir-2","status":"publish","type":"page","link":"https:\/\/www.lespapiersdelespoir.fr\/?page_id=5641","title":{"rendered":"Nous soutenir"},"content":{"rendered":"<section class=\"l-section wpb_row height_medium color_primary with_img parallax_fixed with_overlay\"><div class=\"l-section-img\" style=\"background-image: url(https:\/\/www.lespapiersdelespoir.fr\/wp-content\/uploads\/2011\/04\/teaser_homepage1.jpg);\" data-img-width=\"640\" data-img-height=\"433\"><\/div><div class=\"l-section-overlay\" style=\"background-color: rgba(0,114,95,0.76)\"><\/div><div class=\"l-section-h i-cf\"><div class=\"g-cols offset_medium\"><div class=\" full-width\"><div class=\"wpb_text_column \"><div class=\"wpb_wrapper\">\n<h1 style=\"text-align: center;\">Nous soutenir<\/h1>\n<h3 style=\"text-align: center;\">Si vous souhaitez soutenir les actions engag\u00e9es par Papiers de l\u2019Espoir, vous pouvez par un don, quelqu\u2019en soit le montant, nous aider \u00e0 continuer la mission principale que nous nous sommes fix\u00e9e :<br \/>\n<strong>PROMOUVOIR ET AIDER \u00e0 la scolarisation d\u2019enfants d\u00e9favoris\u00e9s.<\/strong><\/h3>\n<\/div> <\/div> <\/div><\/div><\/div><\/section><section class=\"l-section wpb_row height_medium\"><div class=\"l-section-h i-cf\"><div class=\"g-cols offset_medium\"><div class=\" one-quarter\"><div class=\"w-image  align_right\"><img loading=\"lazy\" decoding=\"async\" width=\"100\" height=\"86\" src=\"https:\/\/www.lespapiersdelespoir.fr\/wp-content\/uploads\/2018\/06\/icon-cheque.png\" class=\"attachment-large size-large\" alt=\"\" \/><\/div><\/div><div class=\" three-quarters\"><div class=\"wpb_text_column \"><div class=\"wpb_wrapper\">\n<h2 style=\"text-align: left;\">Pour faire un don :<\/h2>\n<h3 style=\"text-align: left;\">Envoyez votre ch\u00e8que libell\u00e9 \u00e0 l\u2019ordre de Papiers de l\u2019Espoir<br \/>\n16 Rue des Entrepreneurs \u2013 44120 VERTOU<\/h3>\n<\/div> <\/div> <\/div><\/div><\/div><\/section>\n","protected":false},"excerpt":{"rendered":"Nous soutenir Si vous souhaitez soutenir les actions engag\u00e9es par Papiers de l\u2019Espoir, vous pouvez par un don, quelqu\u2019en soit le montant, nous aider \u00e0 continuer la mission principale que nous nous sommes fix\u00e9e : PROMOUVOIR ET AIDER \u00e0 la...","protected":false},"author":1,"featured_media":0,"parent":0,"menu_order":0,"comment_status":"closed","ping_status":"closed","template":"","meta":{"footnotes":""},"class_list":["post-5641","page","type-page","status-publish","hentry"],"_links":{"self":[{"href":"https:\/\/www.lespapiersdelespoir.fr\/index.php?rest_route=\/wp\/v2\/pages\/5641","targetHints":{"allow":["GET"]}}],"collection":[{"href":"https:\/\/www.lespapiersdelespoir.fr\/index.php?rest_route=\/wp\/v2\/pages"}],"about":[{"href":"https:\/\/www.lespapiersdelespoir.fr\/index.php?rest_route=\/wp\/v2\/types\/page"}],"author":[{"embeddable":true,"href":"https:\/\/www.lespapiersdelespoir.fr\/index.php?rest_route=\/wp\/v2\/users\/1"}],"replies":[{"embeddable":true,"href":"https:\/\/www.lespapiersdelespoir.fr\/index.php?rest_route=%2Fwp%2Fv2%2Fcomments&post=5641"}],"version-history":[{"count":8,"href":"https:\/\/www.lespapiersdelespoir.fr\/index.php?rest_route=\/wp\/v2\/pages\/5641\/revisions"}],"predecessor-version":[{"id":5746,"href":"https:\/\/www.lespapiersdelespoir.fr\/index.php?rest_route=\/wp\/v2\/pages\/5641\/revisions\/5746"}],"wp:attachment":[{"href":"https:\/\/www.lespapiersdelespoir.fr\/index.php?rest_route=%2Fwp%2Fv2%2Fmedia&parent=5641"}],"curies":[{"name":"wp","href":"https:\/\/api.w.org\/{rel}","templated":true}]}}