{"id":5610,"date":"2019-05-17T08:34:40","date_gmt":"2019-05-17T06:34:40","guid":{"rendered":"http:\/\/www.lespapiersdelespoir.fr\/?page_id=5610"},"modified":"2026-01-16T12:18:01","modified_gmt":"2026-01-16T10:18:01","slug":"contacts-2","status":"publish","type":"page","link":"https:\/\/www.lespapiersdelespoir.fr\/?page_id=5610","title":{"rendered":"Contacts"},"content":{"rendered":"<section class=\"l-section wpb_row height_small color_primary with_img parallax_ver with_overlay\"><div class=\"l-section-img\" style=\"background-image: url(https:\/\/www.lespapiersdelespoir.fr\/wp-content\/uploads\/2018\/06\/contact.jpg);background-repeat: no-repeat;\" data-img-width=\"1500\" data-img-height=\"710\"><\/div><div class=\"l-section-overlay\" style=\"background-color: rgba(0,82,99,0.75)\"><\/div><div class=\"l-section-h i-cf\"><div class=\"g-cols offset_medium\"><div class=\" full-width\"><div class=\"g-cols wpb_row offset_medium vc_inner \"><div class=\" one-half\"><div class=\"wpb_text_column \"><div class=\"wpb_wrapper\">\n<h5 style=\"text-align: center;\">Vous souhaitez nous appuyer dans notre action<br \/>\nVous souhaitez renforcer notre \u00e9quipe de b\u00e9n\u00e9voles<br \/>\nVous voulez nous poser des questions<\/h5>\n<\/div> <\/div> <\/div><div class=\" one-half\"><div class=\"wpb_text_column \"><div class=\"wpb_wrapper\">\n<h5 style=\"text-align: center;\">Vous d\u00e9sirez des informations particuli\u00e8res<br \/>\nVous avez besoins de renseignements<br \/>\nVous souhaitez mieux nous connaitre<\/h5>\n<\/div> <\/div> <\/div><\/div>[vc_empty_space]<div class=\"wpb_text_column \"><div class=\"wpb_wrapper\">\n<h1 style=\"text-align: center;\">Contactez-nous<\/h1>\n<\/div> <\/div> <div class=\"g-cols wpb_row offset_medium vc_inner \"><div class=\" full-width\"><div class=\"wpb_text_column \"><div class=\"wpb_wrapper\">\n<h3 style=\"text-align: center;\"><strong>Par courrier \u00e0 :<\/strong><\/h3>\n<h4 style=\"text-align: center;\">Papiers de l\u2019Espoir &#8211; 16 Rue des Entrepreneurs \u2013 44120 VERTOU<\/h4>\n<\/div> <\/div> <\/div><\/div><\/div><\/div><\/div><\/section><section class=\"l-section wpb_row height_small\"><div class=\"l-section-h i-cf\"><div class=\"g-cols offset_medium\"><div class=\" one-third\">[vc_empty_space height=\u00a0\u00bb20&Prime;]<div class=\"wpb_text_column \"><div class=\"wpb_wrapper\">\n<h3 style=\"text-align: center;\"><strong>Vertou<\/strong><br \/>\nT\u00e9l : 02 40 34 29 24<br \/>\n<a href=\"mailto:contact@lespapiersdelespoir.fr\">contact@lespapiersdelespoir.fr<\/a><\/h3>\n<\/div> <\/div> <\/div><div class=\" one-third\">[vc_empty_space height=\u00a0\u00bb20&Prime;]<div class=\"wpb_text_column \"><div class=\"wpb_wrapper\">\n<h3 style=\"text-align: center;\"><strong>Vertou Logistique<\/strong><br \/>\nT\u00e9l : 06 75 67 98 02<\/h3>\n<h3 style=\"text-align: center;\"><a href=\"mailto:logistiquevertou@lespapiersdelespoir.fr\">logistiquevertou@lespapiersdelespoir.fr<\/a><\/h3>\n<\/div> <\/div> <\/div><div class=\" one-third\">[vc_empty_space height=\u00a0\u00bb20&Prime;]<div class=\"wpb_text_column \"><div class=\"wpb_wrapper\">\n<h3 style=\"text-align: center;\"><strong>Saint Nazaire<\/strong><br \/>\nT\u00e9l : 06 37 27 14 22<br \/>\n<a href=\"mailto:stnazaire@lespapiersdelespoir.fr\">stnazaire@lespapiersdelespoir.fr<\/a><\/h3>\n<\/div> <\/div> <\/div><\/div><\/div><\/section><section class=\"l-section wpb_row height_medium color_primary\"><div class=\"l-section-h i-cf\"><div class=\"g-cols offset_medium\"><div class=\" full-width\"><div class=\"wpb_text_column \"><div class=\"wpb_wrapper\">\n<h3 style=\"text-align: center;\">Venir nous voir ?<\/h3>\n<\/div> <\/div> <div class=\"g-cols wpb_row offset_medium vc_inner \"><div class=\" one-half\"><div class=\"wpb_text_column \"><div class=\"wpb_wrapper\">\n<p style=\"text-align: center;\"><strong>Papiers de l&rsquo;Espoir<\/strong><\/p>\n<p><strong>Ouvert du Lundi au Vendredi de 9h \u00e0 12h<\/strong><\/div> <\/div> <div class=\"w-map\" id=\"us_map_1\" style=\"height: 400px\"><div class=\"w-map-h\"><\/div><div class=\"w-map-json\" onclick='return {&quot;address&quot;:&quot;16 Rue des Entrepreneurs 44120 Vertou&quot;,&quot;markers&quot;:[{&quot;address&quot;:&quot;16 Rue des Entrepreneurs 44120 Vertou&quot;,&quot;html&quot;:&quot;16 rue des entrepreneurs&lt;br&gt;44120 Vertou&quot;,&quot;infowindow&quot;:&quot;1&quot;}],&quot;zoom&quot;:14,&quot;maptype&quot;:&quot;ROADMAP&quot;,&quot;height&quot;:&quot;400&quot;}'><\/div><\/div><\/div><div class=\" one-half\"><div class=\"wpb_text_column \"><div class=\"wpb_wrapper\">\n<p style=\"text-align: center;\">Agence de St Nazaire<\/p>\n<p><strong>Ouvert le Mardi et le Jeudi de 14h \u00e0 17h<\/strong><\/div> <\/div> <div class=\"w-map\" id=\"us_map_2\" style=\"height: 400px\"><div class=\"w-map-h\"><\/div><div class=\"w-map-json\" onclick='return {&quot;address&quot;:&quot;3 Rue de la C\\u00f4te de Jade 44600 ST-NAZAIRE&quot;,&quot;markers&quot;:[{&quot;address&quot;:&quot;3 Rue de la C\\u00f4te de Jade 44600 ST-NAZAIRE&quot;,&quot;html&quot;:&quot;&lt;br&gt;3 rue de la c\\u00f4te de Jade&lt;br&gt;44600 ST-NAZAIRE&quot;,&quot;infowindow&quot;:&quot;1&quot;}],&quot;zoom&quot;:14,&quot;maptype&quot;:&quot;ROADMAP&quot;,&quot;height&quot;:&quot;400&quot;}'><\/div><\/div><\/div><\/div><\/div><\/div><\/div><\/section>\n","protected":false},"excerpt":{"rendered":"Vous souhaitez nous appuyer dans notre action Vous souhaitez renforcer notre \u00e9quipe de b\u00e9n\u00e9voles Vous voulez nous poser des questions Vous d\u00e9sirez des informations particuli\u00e8res Vous avez besoins de renseignements Vous souhaitez mieux nous connaitre [vc_empty_space] Contactez-nous Par courrier \u00e0...","protected":false},"author":1,"featured_media":0,"parent":0,"menu_order":0,"comment_status":"closed","ping_status":"closed","template":"","meta":{"footnotes":""},"class_list":["post-5610","page","type-page","status-publish","hentry"],"_links":{"self":[{"href":"https:\/\/www.lespapiersdelespoir.fr\/index.php?rest_route=\/wp\/v2\/pages\/5610","targetHints":{"allow":["GET"]}}],"collection":[{"href":"https:\/\/www.lespapiersdelespoir.fr\/index.php?rest_route=\/wp\/v2\/pages"}],"about":[{"href":"https:\/\/www.lespapiersdelespoir.fr\/index.php?rest_route=\/wp\/v2\/types\/page"}],"author":[{"embeddable":true,"href":"https:\/\/www.lespapiersdelespoir.fr\/index.php?rest_route=\/wp\/v2\/users\/1"}],"replies":[{"embeddable":true,"href":"https:\/\/www.lespapiersdelespoir.fr\/index.php?rest_route=%2Fwp%2Fv2%2Fcomments&post=5610"}],"version-history":[{"count":24,"href":"https:\/\/www.lespapiersdelespoir.fr\/index.php?rest_route=\/wp\/v2\/pages\/5610\/revisions"}],"predecessor-version":[{"id":6558,"href":"https:\/\/www.lespapiersdelespoir.fr\/index.php?rest_route=\/wp\/v2\/pages\/5610\/revisions\/6558"}],"wp:attachment":[{"href":"https:\/\/www.lespapiersdelespoir.fr\/index.php?rest_route=%2Fwp%2Fv2%2Fmedia&parent=5610"}],"curies":[{"name":"wp","href":"https:\/\/api.w.org\/{rel}","templated":true}]}}