{"id":5525,"date":"2018-06-12T20:56:38","date_gmt":"2018-06-12T19:56:38","guid":{"rendered":"http:\/\/www.olivier-richard.fr\/wpk2\/?page_id=5525"},"modified":"2018-06-12T20:56:38","modified_gmt":"2018-06-12T19:56:38","slug":"actus-2","status":"publish","type":"page","link":"https:\/\/www.lespapiersdelespoir.fr\/?page_id=5525","title":{"rendered":"Actus"},"content":{"rendered":"<section class=\"l-section wpb_row height_medium\"><div class=\"l-section-h i-cf\"><div class=\"g-cols offset_medium\"><div class=\" full-width\"><div class=\"w-blog layout_classic cols_3\" itemscope=\"itemscope\" itemtype=\"https:\/\/schema.org\/Blog\"><div class=\"w-blog-list\">\r\n\r\n<article class=\"w-blog-post actus post-6410 post type-post status-publish format-standard hentry category-actus\" data-id=\"6410\" data-categories=\"actus\">\r\n\t<div class=\"w-blog-post-h\">\r\n\t\t<a href=\"https:\/\/www.lespapiersdelespoir.fr\/?p=6410\">\r\n\t\t\t<div class=\"w-blog-post-preview\">\r\n\t\t\t\t\t\t\t\t<span class=\"w-blog-post-preview-icon\"><\/span>\r\n\t\t\t<\/div>\r\n\t\t<\/a>\r\n\t\t<div class=\"w-blog-post-body\">\r\n\t\t\t<h2 class=\"w-blog-post-title\">\r\n\t\t\t\t<a class=\"entry-title\" rel=\"bookmark\" href=\"https:\/\/www.lespapiersdelespoir.fr\/?p=6410\">Octobre 2024 Papiers de l&rsquo;Espoir f\u00eate ses 20 ans<\/a>\r\n\t\t\t<\/h2>\r\n\t\t\t<div class=\"w-blog-post-meta\">\r\n\t\t\t\t<time class=\"w-blog-post-meta-date date updated\">29 octobre 2024<\/time><span class=\"w-blog-post-meta-author vcard author hidden\"><a href=\"https:\/\/www.lespapiersdelespoir.fr\/?author=7\" class=\"fn\">Bernard Thouzeau<\/a><\/span>\t\t\t<\/div>\r\n\t\t\t<a class=\"w-blog-post-more w-btn\" href=\"https:\/\/www.lespapiersdelespoir.fr\/?p=6410\"><span class=\"w-btn-label\">En Savoir Plus<\/span><\/a>\r\n\t\t<\/div>\r\n\t<\/div>\r\n<\/article>\r\n\r\n\r\n\r\n<article class=\"w-blog-post actus post-5856 post type-post status-publish format-standard hentry category-actus\" data-id=\"5856\" data-categories=\"actus\">\r\n\t<div class=\"w-blog-post-h\">\r\n\t\t<a href=\"https:\/\/www.lespapiersdelespoir.fr\/?p=5856\">\r\n\t\t\t<div class=\"w-blog-post-preview\">\r\n\t\t\t\t\t\t\t\t<span class=\"w-blog-post-preview-icon\"><\/span>\r\n\t\t\t<\/div>\r\n\t\t<\/a>\r\n\t\t<div class=\"w-blog-post-body\">\r\n\t\t\t<h2 class=\"w-blog-post-title\">\r\n\t\t\t\t<a class=\"entry-title\" rel=\"bookmark\" href=\"https:\/\/www.lespapiersdelespoir.fr\/?p=5856\">Avril 2024 AG Le bon bilan des Papiers de l&rsquo;espoir<\/a>\r\n\t\t\t<\/h2>\r\n\t\t\t<div class=\"w-blog-post-meta\">\r\n\t\t\t\t<time class=\"w-blog-post-meta-date date updated\">20 avril 2024<\/time><span class=\"w-blog-post-meta-author vcard author hidden\"><a href=\"https:\/\/www.lespapiersdelespoir.fr\/?author=7\" class=\"fn\">Bernard Thouzeau<\/a><\/span>\t\t\t<\/div>\r\n\t\t\t<a class=\"w-blog-post-more w-btn\" href=\"https:\/\/www.lespapiersdelespoir.fr\/?p=5856\"><span class=\"w-btn-label\">En Savoir Plus<\/span><\/a>\r\n\t\t<\/div>\r\n\t<\/div>\r\n<\/article>\r\n\r\n\r\n\r\n<article class=\"w-blog-post actus post-5854 post type-post status-publish format-standard hentry category-actus\" data-id=\"5854\" data-categories=\"actus\">\r\n\t<div class=\"w-blog-post-h\">\r\n\t\t<a href=\"https:\/\/www.lespapiersdelespoir.fr\/?p=5854\">\r\n\t\t\t<div class=\"w-blog-post-preview\">\r\n\t\t\t\t\t\t\t\t<span class=\"w-blog-post-preview-icon\"><\/span>\r\n\t\t\t<\/div>\r\n\t\t<\/a>\r\n\t\t<div class=\"w-blog-post-body\">\r\n\t\t\t<h2 class=\"w-blog-post-title\">\r\n\t\t\t\t<a class=\"entry-title\" rel=\"bookmark\" href=\"https:\/\/www.lespapiersdelespoir.fr\/?p=5854\">Mars 2023 AG des Papiers de l&rsquo;Espoir<\/a>\r\n\t\t\t<\/h2>\r\n\t\t\t<div class=\"w-blog-post-meta\">\r\n\t\t\t\t<time class=\"w-blog-post-meta-date date updated\">20 avril 2023<\/time><span class=\"w-blog-post-meta-author vcard author hidden\"><a href=\"https:\/\/www.lespapiersdelespoir.fr\/?author=7\" class=\"fn\">Bernard Thouzeau<\/a><\/span>\t\t\t<\/div>\r\n\t\t\t<a class=\"w-blog-post-more w-btn\" href=\"https:\/\/www.lespapiersdelespoir.fr\/?p=5854\"><span class=\"w-btn-label\">En Savoir Plus<\/span><\/a>\r\n\t\t<\/div>\r\n\t<\/div>\r\n<\/article>\r\n\r\n\r\n\r\n<article class=\"w-blog-post actus post-5851 post type-post status-publish format-standard hentry category-actus\" data-id=\"5851\" data-categories=\"actus\">\r\n\t<div class=\"w-blog-post-h\">\r\n\t\t<a href=\"https:\/\/www.lespapiersdelespoir.fr\/?p=5851\">\r\n\t\t\t<div class=\"w-blog-post-preview\">\r\n\t\t\t\t\t\t\t\t<span class=\"w-blog-post-preview-icon\"><\/span>\r\n\t\t\t<\/div>\r\n\t\t<\/a>\r\n\t\t<div class=\"w-blog-post-body\">\r\n\t\t\t<h2 class=\"w-blog-post-title\">\r\n\t\t\t\t<a class=\"entry-title\" rel=\"bookmark\" href=\"https:\/\/www.lespapiersdelespoir.fr\/?p=5851\">B\u00e9n\u00e9vole aux Papiers de l&rsquo;Espoir, il relie Dakar \u00e0 V\u00e9lo<\/a>\r\n\t\t\t<\/h2>\r\n\t\t\t<div class=\"w-blog-post-meta\">\r\n\t\t\t\t<time class=\"w-blog-post-meta-date date updated\">20 f\u00e9vrier 2023<\/time><span class=\"w-blog-post-meta-author vcard author hidden\"><a href=\"https:\/\/www.lespapiersdelespoir.fr\/?author=7\" class=\"fn\">Bernard Thouzeau<\/a><\/span>\t\t\t<\/div>\r\n\t\t\t<a class=\"w-blog-post-more w-btn\" href=\"https:\/\/www.lespapiersdelespoir.fr\/?p=5851\"><span class=\"w-btn-label\">En Savoir Plus<\/span><\/a>\r\n\t\t<\/div>\r\n\t<\/div>\r\n<\/article>\r\n\r\n\r\n\r\n<article class=\"w-blog-post actus post-5825 post type-post status-publish format-standard hentry category-actus\" data-id=\"5825\" data-categories=\"actus\">\r\n\t<div class=\"w-blog-post-h\">\r\n\t\t<a href=\"https:\/\/www.lespapiersdelespoir.fr\/?p=5825\">\r\n\t\t\t<div class=\"w-blog-post-preview\">\r\n\t\t\t\t\t\t\t\t<span class=\"w-blog-post-preview-icon\"><\/span>\r\n\t\t\t<\/div>\r\n\t\t<\/a>\r\n\t\t<div class=\"w-blog-post-body\">\r\n\t\t\t<h2 class=\"w-blog-post-title\">\r\n\t\t\t\t<a class=\"entry-title\" rel=\"bookmark\" href=\"https:\/\/www.lespapiersdelespoir.fr\/?p=5825\">Le cours du papier dope les Papiers de l&rsquo;espoir<\/a>\r\n\t\t\t<\/h2>\r\n\t\t\t<div class=\"w-blog-post-meta\">\r\n\t\t\t\t<time class=\"w-blog-post-meta-date date updated\">8 novembre 2022<\/time><span class=\"w-blog-post-meta-author vcard author hidden\"><a href=\"https:\/\/www.lespapiersdelespoir.fr\/?author=7\" class=\"fn\">Bernard Thouzeau<\/a><\/span>\t\t\t<\/div>\r\n\t\t\t<a class=\"w-blog-post-more w-btn\" href=\"https:\/\/www.lespapiersdelespoir.fr\/?p=5825\"><span class=\"w-btn-label\">En Savoir Plus<\/span><\/a>\r\n\t\t<\/div>\r\n\t<\/div>\r\n<\/article>\r\n\r\n\r\n\r\n<article class=\"w-blog-post actus post-5818 post type-post status-publish format-standard hentry category-actus\" data-id=\"5818\" data-categories=\"actus\">\r\n\t<div class=\"w-blog-post-h\">\r\n\t\t<a href=\"https:\/\/www.lespapiersdelespoir.fr\/?p=5818\">\r\n\t\t\t<div class=\"w-blog-post-preview\">\r\n\t\t\t\t\t\t\t\t<span class=\"w-blog-post-preview-icon\"><\/span>\r\n\t\t\t<\/div>\r\n\t\t<\/a>\r\n\t\t<div class=\"w-blog-post-body\">\r\n\t\t\t<h2 class=\"w-blog-post-title\">\r\n\t\t\t\t<a class=\"entry-title\" rel=\"bookmark\" href=\"https:\/\/www.lespapiersdelespoir.fr\/?p=5818\">Papiers de l&rsquo;Espoir soutient l&rsquo;Ukraine avec la Banque Humanitaire Ouest-France 22\/3\/2022<\/a>\r\n\t\t\t<\/h2>\r\n\t\t\t<div class=\"w-blog-post-meta\">\r\n\t\t\t\t<time class=\"w-blog-post-meta-date date updated\">25 mars 2022<\/time><span class=\"w-blog-post-meta-author vcard author hidden\"><a href=\"https:\/\/www.lespapiersdelespoir.fr\/?author=7\" class=\"fn\">Bernard Thouzeau<\/a><\/span>\t\t\t<\/div>\r\n\t\t\t<a class=\"w-blog-post-more w-btn\" href=\"https:\/\/www.lespapiersdelespoir.fr\/?p=5818\"><span class=\"w-btn-label\">En Savoir Plus<\/span><\/a>\r\n\t\t<\/div>\r\n\t<\/div>\r\n<\/article>\r\n\r\n\r\n\r\n<article class=\"w-blog-post actus post-5805 post type-post status-publish format-standard hentry category-actus\" data-id=\"5805\" data-categories=\"actus\">\r\n\t<div class=\"w-blog-post-h\">\r\n\t\t<a href=\"https:\/\/www.lespapiersdelespoir.fr\/?p=5805\">\r\n\t\t\t<div class=\"w-blog-post-preview\">\r\n\t\t\t\t\t\t\t\t<span class=\"w-blog-post-preview-icon\"><\/span>\r\n\t\t\t<\/div>\r\n\t\t<\/a>\r\n\t\t<div class=\"w-blog-post-body\">\r\n\t\t\t<h2 class=\"w-blog-post-title\">\r\n\t\t\t\t<a class=\"entry-title\" rel=\"bookmark\" href=\"https:\/\/www.lespapiersdelespoir.fr\/?p=5805\">5000 \u20ac pour SurpreNantes<\/a>\r\n\t\t\t<\/h2>\r\n\t\t\t<div class=\"w-blog-post-meta\">\r\n\t\t\t\t<time class=\"w-blog-post-meta-date date updated\">29 juin 2021<\/time><span class=\"w-blog-post-meta-author vcard author hidden\"><a href=\"https:\/\/www.lespapiersdelespoir.fr\/?author=7\" class=\"fn\">Bernard Thouzeau<\/a><\/span>\t\t\t<\/div>\r\n\t\t\t<a class=\"w-blog-post-more w-btn\" href=\"https:\/\/www.lespapiersdelespoir.fr\/?p=5805\"><span class=\"w-btn-label\">En Savoir Plus<\/span><\/a>\r\n\t\t<\/div>\r\n\t<\/div>\r\n<\/article>\r\n\r\n\r\n\r\n<article class=\"w-blog-post actus post-5784 post type-post status-publish format-standard hentry category-actus\" data-id=\"5784\" data-categories=\"actus\">\r\n\t<div class=\"w-blog-post-h\">\r\n\t\t<a href=\"https:\/\/www.lespapiersdelespoir.fr\/?p=5784\">\r\n\t\t\t<div class=\"w-blog-post-preview\">\r\n\t\t\t\t\t\t\t\t<span class=\"w-blog-post-preview-icon\"><\/span>\r\n\t\t\t<\/div>\r\n\t\t<\/a>\r\n\t\t<div class=\"w-blog-post-body\">\r\n\t\t\t<h2 class=\"w-blog-post-title\">\r\n\t\t\t\t<a class=\"entry-title\" rel=\"bookmark\" href=\"https:\/\/www.lespapiersdelespoir.fr\/?p=5784\">L&rsquo;Hebdo S\u00e8vre-et-Maine du 23-07-2020<\/a>\r\n\t\t\t<\/h2>\r\n\t\t\t<div class=\"w-blog-post-meta\">\r\n\t\t\t\t<time class=\"w-blog-post-meta-date date updated\">31 juillet 2020<\/time><span class=\"w-blog-post-meta-author vcard author hidden\"><a href=\"https:\/\/www.lespapiersdelespoir.fr\/?author=7\" class=\"fn\">Bernard Thouzeau<\/a><\/span>\t\t\t<\/div>\r\n\t\t\t<a class=\"w-blog-post-more w-btn\" href=\"https:\/\/www.lespapiersdelespoir.fr\/?p=5784\"><span class=\"w-btn-label\">En Savoir Plus<\/span><\/a>\r\n\t\t<\/div>\r\n\t<\/div>\r\n<\/article>\r\n\r\n\r\n\r\n<article class=\"w-blog-post actus post-5759 post type-post status-publish format-standard hentry category-actus\" data-id=\"5759\" data-categories=\"actus\">\r\n\t<div class=\"w-blog-post-h\">\r\n\t\t<a href=\"https:\/\/www.lespapiersdelespoir.fr\/?p=5759\">\r\n\t\t\t<div class=\"w-blog-post-preview\">\r\n\t\t\t\t\t\t\t\t<span class=\"w-blog-post-preview-icon\"><\/span>\r\n\t\t\t<\/div>\r\n\t\t<\/a>\r\n\t\t<div class=\"w-blog-post-body\">\r\n\t\t\t<h2 class=\"w-blog-post-title\">\r\n\t\t\t\t<a class=\"entry-title\" rel=\"bookmark\" href=\"https:\/\/www.lespapiersdelespoir.fr\/?p=5759\">Les Papiers de l&rsquo;Espoir dans leurs nouveaux murs Ouest-France du 13 Nov 2019<\/a>\r\n\t\t\t<\/h2>\r\n\t\t\t<div class=\"w-blog-post-meta\">\r\n\t\t\t\t<time class=\"w-blog-post-meta-date date updated\">15 novembre 2019<\/time><span class=\"w-blog-post-meta-author vcard author hidden\"><a href=\"https:\/\/www.lespapiersdelespoir.fr\/?author=7\" class=\"fn\">Bernard Thouzeau<\/a><\/span>\t\t\t<\/div>\r\n\t\t\t<a class=\"w-blog-post-more w-btn\" href=\"https:\/\/www.lespapiersdelespoir.fr\/?p=5759\"><span class=\"w-btn-label\">En Savoir Plus<\/span><\/a>\r\n\t\t<\/div>\r\n\t<\/div>\r\n<\/article>\r\n\r\n\r\n\r\n<article class=\"w-blog-post actus post-5762 post type-post status-publish format-standard hentry category-actus\" data-id=\"5762\" data-categories=\"actus\">\r\n\t<div class=\"w-blog-post-h\">\r\n\t\t<a href=\"https:\/\/www.lespapiersdelespoir.fr\/?p=5762\">\r\n\t\t\t<div class=\"w-blog-post-preview\">\r\n\t\t\t\t\t\t\t\t<span class=\"w-blog-post-preview-icon\"><\/span>\r\n\t\t\t<\/div>\r\n\t\t<\/a>\r\n\t\t<div class=\"w-blog-post-body\">\r\n\t\t\t<h2 class=\"w-blog-post-title\">\r\n\t\t\t\t<a class=\"entry-title\" rel=\"bookmark\" href=\"https:\/\/www.lespapiersdelespoir.fr\/?p=5762\">Hebdo S\u00e8vre et Maine 10 Oct 2019 Nouveau Local &#8211; Nouvelle Presse<\/a>\r\n\t\t\t<\/h2>\r\n\t\t\t<div class=\"w-blog-post-meta\">\r\n\t\t\t\t<time class=\"w-blog-post-meta-date date updated\">15 novembre 2019<\/time><span class=\"w-blog-post-meta-author vcard author hidden\"><a href=\"https:\/\/www.lespapiersdelespoir.fr\/?author=7\" class=\"fn\">Bernard Thouzeau<\/a><\/span>\t\t\t<\/div>\r\n\t\t\t<a class=\"w-blog-post-more w-btn\" href=\"https:\/\/www.lespapiersdelespoir.fr\/?p=5762\"><span class=\"w-btn-label\">En Savoir Plus<\/span><\/a>\r\n\t\t<\/div>\r\n\t<\/div>\r\n<\/article>\r\n\r\n<\/div><\/div><\/div><\/div><\/div><\/section>\n","protected":false},"excerpt":{"rendered":"","protected":false},"author":1,"featured_media":0,"parent":0,"menu_order":0,"comment_status":"closed","ping_status":"closed","template":"","meta":{"footnotes":""},"class_list":["post-5525","page","type-page","status-publish","hentry"],"_links":{"self":[{"href":"https:\/\/www.lespapiersdelespoir.fr\/index.php?rest_route=\/wp\/v2\/pages\/5525","targetHints":{"allow":["GET"]}}],"collection":[{"href":"https:\/\/www.lespapiersdelespoir.fr\/index.php?rest_route=\/wp\/v2\/pages"}],"about":[{"href":"https:\/\/www.lespapiersdelespoir.fr\/index.php?rest_route=\/wp\/v2\/types\/page"}],"author":[{"embeddable":true,"href":"https:\/\/www.lespapiersdelespoir.fr\/index.php?rest_route=\/wp\/v2\/users\/1"}],"replies":[{"embeddable":true,"href":"https:\/\/www.lespapiersdelespoir.fr\/index.php?rest_route=%2Fwp%2Fv2%2Fcomments&post=5525"}],"version-history":[{"count":0,"href":"https:\/\/www.lespapiersdelespoir.fr\/index.php?rest_route=\/wp\/v2\/pages\/5525\/revisions"}],"wp:attachment":[{"href":"https:\/\/www.lespapiersdelespoir.fr\/index.php?rest_route=%2Fwp%2Fv2%2Fmedia&parent=5525"}],"curies":[{"name":"wp","href":"https:\/\/api.w.org\/{rel}","templated":true}]}}