{"id":5504,"date":"2019-05-03T12:55:22","date_gmt":"2019-05-03T10:55:22","guid":{"rendered":"http:\/\/www.olivier-richard.fr\/wpk2\/?page_id=5504"},"modified":"2020-11-30T19:06:47","modified_gmt":"2020-11-30T17:06:47","slug":"particuliers-2","status":"publish","type":"page","link":"https:\/\/www.lespapiersdelespoir.fr\/?page_id=5504","title":{"rendered":"Particuliers"},"content":{"rendered":"<section class=\"l-section wpb_row height_small\"><div class=\"l-section-h i-cf\"><div class=\"g-cols offset_medium\"><div class=\" two-thirds\"><div class=\"wpb_text_column \"><div class=\"wpb_wrapper\">\n<h1 style=\"text-align: center;\">Particuliers<\/h1>\n<\/div> <\/div> <div class=\"wpb_text_column  vc_custom_1556888599465\"><div class=\"wpb_wrapper\">\n<h3 style=\"text-align: center;\">Si vous voulez soutenir nos actions :<\/h3>\n<p style=\"text-align: center;\">D\u00e9posez vos papiers, journaux, publicit\u00e9s et\u00a0 livres usag\u00e9s<\/p>\n<p style=\"text-align: center;\">\u00e0 notre d\u00e9p\u00f4t 16 Rue des Entrepreneurs \u00e0 Vertou<\/p>\n<p style=\"text-align: center;\">ou<br \/>\naux points de collecte mis en place par l\u2019association dans Vertou (carte 1 ci-dessous)<\/p>\n<p style=\"text-align: center;\">ou<\/p>\n<p style=\"text-align: center;\">aux alentours de Vertou (carte 2 ci-dessous)<\/p>\n<\/div> <\/div> <div class=\"w-testimonial style_2\"><blockquote><q class=\"w-testimonial-text\">Associer les bonnes volont\u00e9s pour favoriser les projets<\/q><\/blockquote><\/div><\/div><div class=\" one-third\"><div class=\"w-image \"><img loading=\"lazy\" decoding=\"async\" width=\"1024\" height=\"768\" src=\"https:\/\/www.lespapiersdelespoir.fr\/wp-content\/uploads\/2018\/06\/P1080960-1024x768.jpg\" class=\"attachment-full size-full\" alt=\"\" srcset=\"https:\/\/www.lespapiersdelespoir.fr\/wp-content\/uploads\/2018\/06\/P1080960-1024x768.jpg 1024w, https:\/\/www.lespapiersdelespoir.fr\/wp-content\/uploads\/2018\/06\/P1080960-1024x768-300x225.jpg 300w, https:\/\/www.lespapiersdelespoir.fr\/wp-content\/uploads\/2018\/06\/P1080960-1024x768-768x576.jpg 768w, https:\/\/www.lespapiersdelespoir.fr\/wp-content\/uploads\/2018\/06\/P1080960-1024x768-600x450.jpg 600w\" sizes=\"auto, (max-width: 1024px) 100vw, 1024px\" \/><\/div><\/div><\/div><\/div><\/section><section class=\"l-section wpb_row height_auto width_full\" style=\"padding-top: 0px !important;padding-bottom: 0px !important;\"><div class=\"l-section-h i-cf\"><div class=\"g-cols offset_small\"><div class=\" full-width\"><div class=\"w-separator type_default size_small thick_1 style_solid color_border cont_none\"><span class=\"w-separator-h\"><\/span><\/div><div class=\"wpb_text_column  vc_custom_1528460192585\"><div class=\"wpb_wrapper\">\n<h4 style=\"text-align: center;\"><strong>La carte de nos points de collecte \u00e0 Vertou <\/strong><\/h4>\n<h4 style=\"text-align: center;\"><strong>\u00a0<\/strong><\/h4>\n<\/div> <\/div> <div class=\"wpb_text_column \"><div class=\"wpb_wrapper\"><style type=\"text\/css\" id=\"gmpMapStyles_6_14290\">\r\n\t#google_map_easy_6_14290 {\r\n        width: 100%;\r\n        height: 500px;\r\n\t\t\t\t\t\t    }\r\n\t#gmapControlsNum_6_14290 {\r\n\t\twidth:100%\t}\r\n\t.gmpMapDetailsContainer#gmpMapDetailsContainer_6_14290 {\r\n\t\theight:500px;\r\n\t}\r\n\t.gmp_MapPreview#google_map_easy_6_14290 {\r\n\t\t\/*position:absolute;*\/\r\n\t\twidth: 100%;\r\n\t}\r\n\t#mapConElem_6_14290{\r\n\t\twidth: 100%\t}\r\n    .gm-style .gm-style-iw-c{\r\n        padding: 12px!important;\r\n    }\r\n\t    <\/style>\r\n <div class=\"gmp_map_opts\" id=\"mapConElem_6_14290\" data-id=\"6\" data-view-id=\"6_14290\" > <div class=\"gmpMapDetailsContainer\" id=\"gmpMapDetailsContainer_6_14290\"> <i class=\"gmpKMLLayersPreloader fa fa-spinner fa-spin\" aria-hidden=\"true\" style=\"display: none;\"><\/i> <div class=\"gmp_MapPreview \" id=\"google_map_easy_6_14290\"><\/div> <\/div> <div class=\"gmpMapMarkerFilters\" id=\"gmpMapMarkerFilters_6_14290\"> <\/div> <div class=\"gmpMapProControlsCon\" id=\"gmpMapProControlsCon_6_14290\"> <a title=\"Google Maps Wordpress\" style=\"display:none;\" href=\"https:\/\/supsystic.com\/plugins\/google-maps-plugin\/?utm_medium=love_link_hide\" target=\"_blank\">Google Maps Wordpress<\/a><div style=\"clear: both;\"><\/div> <\/div> <div class=\"gmpMapProDirectionsCon\" id=\"gmpMapProDirectionsCon_6_14290\" > <\/div> <div class=\"gmpMapProKmlFilterCon\" id=\"gmpMapProKmlFilterCon_6_14290\" > <\/div> <div class=\"gmpSocialSharingShell gmpSocialSharingShell_6_14290\"> <\/div> <div style=\"clear: both;\"><\/div> <\/div> <\/div> <\/div> <\/div><\/div><\/div><\/section><!-- Row Backgrounds --><div class=\"upb_color\" data-bg-override=\"0\" data-bg-color=\"\" data-fadeout=\"\" data-fadeout-percentage=\"30\" data-parallax-content=\"\" data-parallax-content-sense=\"30\" data-row-effect-mobile-disable=\"true\" data-img-parallax-mobile-disable=\"true\" data-rtl=\"false\"  data-custom-vc-row=\"\"  data-vc=\"7.6\"  data-theme-support=\"\"   data-overlay=\"false\" data-overlay-color=\"\" data-overlay-pattern=\"\" data-overlay-pattern-opacity=\"\" data-overlay-pattern-size=\"\"    ><\/div><section class=\"l-section wpb_row height_auto width_full\" style=\"padding-top: 50px !important;padding-bottom: 0px !important;\"><div class=\"l-section-h i-cf\"><div class=\"g-cols offset_small\"><div class=\" full-width\"><div class=\"wpb_text_column  vc_custom_1539085587163\"><div class=\"wpb_wrapper\">\n<h4 style=\"text-align: center;\"><strong>La carte de nos points de collecte autour de Vertou<\/strong><\/h4>\n<\/div> <\/div> <div class=\"wpb_text_column \"><div class=\"wpb_wrapper\"><style type=\"text\/css\" id=\"gmpMapStyles_8_54411\">\r\n\t#google_map_easy_8_54411 {\r\n        width: 100%;\r\n        height: 500px;\r\n\t\t\t\t\t\t    }\r\n\t#gmapControlsNum_8_54411 {\r\n\t\twidth:100%\t}\r\n\t.gmpMapDetailsContainer#gmpMapDetailsContainer_8_54411 {\r\n\t\theight:500px;\r\n\t}\r\n\t.gmp_MapPreview#google_map_easy_8_54411 {\r\n\t\t\/*position:absolute;*\/\r\n\t\twidth: 100%;\r\n\t}\r\n\t#mapConElem_8_54411{\r\n\t\twidth: 100%\t}\r\n    .gm-style .gm-style-iw-c{\r\n        padding: 12px!important;\r\n    }\r\n\t    <\/style>\r\n <div class=\"gmp_map_opts\" id=\"mapConElem_8_54411\" data-id=\"8\" data-view-id=\"8_54411\" > <div class=\"gmpMapDetailsContainer\" id=\"gmpMapDetailsContainer_8_54411\"> <i class=\"gmpKMLLayersPreloader fa fa-spinner fa-spin\" aria-hidden=\"true\" style=\"display: none;\"><\/i> <div class=\"gmp_MapPreview \" id=\"google_map_easy_8_54411\"><\/div> <\/div> <div class=\"gmpMapMarkerFilters\" id=\"gmpMapMarkerFilters_8_54411\"> <\/div> <div class=\"gmpMapProControlsCon\" id=\"gmpMapProControlsCon_8_54411\"> <a title=\"Google Maps Wordpress\" style=\"display:none;\" href=\"https:\/\/supsystic.com\/plugins\/google-maps-plugin\/?utm_medium=love_link_hide\" target=\"_blank\">Google Maps Wordpress<\/a><div style=\"clear: both;\"><\/div> <\/div> <div class=\"gmpMapProDirectionsCon\" id=\"gmpMapProDirectionsCon_8_54411\" > <\/div> <div class=\"gmpMapProKmlFilterCon\" id=\"gmpMapProKmlFilterCon_8_54411\" > <\/div> <div class=\"gmpSocialSharingShell gmpSocialSharingShell_8_54411\"> <\/div> <div style=\"clear: both;\"><\/div> <\/div> <\/div> <\/div> <\/div><\/div><\/div><\/section><!-- Row Backgrounds --><div class=\"upb_color\" data-bg-override=\"0\" data-bg-color=\"\" data-fadeout=\"\" data-fadeout-percentage=\"30\" data-parallax-content=\"\" data-parallax-content-sense=\"30\" data-row-effect-mobile-disable=\"true\" data-img-parallax-mobile-disable=\"true\" data-rtl=\"false\"  data-custom-vc-row=\"\"  data-vc=\"7.6\"  data-theme-support=\"\"   data-overlay=\"false\" data-overlay-color=\"\" data-overlay-pattern=\"\" data-overlay-pattern-opacity=\"\" data-overlay-pattern-size=\"\"    ><\/div>\n","protected":false},"excerpt":{"rendered":"Particuliers Si vous voulez soutenir nos actions : D\u00e9posez vos papiers, journaux, publicit\u00e9s et\u00a0 livres usag\u00e9s \u00e0 notre d\u00e9p\u00f4t 16 Rue des Entrepreneurs \u00e0 Vertou ou aux points de collecte mis en place par l\u2019association dans Vertou (carte 1 ci-dessous)...","protected":false},"author":1,"featured_media":0,"parent":0,"menu_order":0,"comment_status":"closed","ping_status":"closed","template":"","meta":{"footnotes":""},"class_list":["post-5504","page","type-page","status-publish","hentry"],"_links":{"self":[{"href":"https:\/\/www.lespapiersdelespoir.fr\/index.php?rest_route=\/wp\/v2\/pages\/5504","targetHints":{"allow":["GET"]}}],"collection":[{"href":"https:\/\/www.lespapiersdelespoir.fr\/index.php?rest_route=\/wp\/v2\/pages"}],"about":[{"href":"https:\/\/www.lespapiersdelespoir.fr\/index.php?rest_route=\/wp\/v2\/types\/page"}],"author":[{"embeddable":true,"href":"https:\/\/www.lespapiersdelespoir.fr\/index.php?rest_route=\/wp\/v2\/users\/1"}],"replies":[{"embeddable":true,"href":"https:\/\/www.lespapiersdelespoir.fr\/index.php?rest_route=%2Fwp%2Fv2%2Fcomments&post=5504"}],"version-history":[{"count":12,"href":"https:\/\/www.lespapiersdelespoir.fr\/index.php?rest_route=\/wp\/v2\/pages\/5504\/revisions"}],"predecessor-version":[{"id":5796,"href":"https:\/\/www.lespapiersdelespoir.fr\/index.php?rest_route=\/wp\/v2\/pages\/5504\/revisions\/5796"}],"wp:attachment":[{"href":"https:\/\/www.lespapiersdelespoir.fr\/index.php?rest_route=%2Fwp%2Fv2%2Fmedia&parent=5504"}],"curies":[{"name":"wp","href":"https:\/\/api.w.org\/{rel}","templated":true}]}}