{"id":5475,"date":"2018-06-07T12:37:41","date_gmt":"2018-06-07T10:37:41","guid":{"rendered":"http:\/\/www.olivier-richard.fr\/wpk2\/?page_id=5475"},"modified":"2020-11-30T19:07:46","modified_gmt":"2020-11-30T17:07:46","slug":"professionnels-2","status":"publish","type":"page","link":"https:\/\/www.lespapiersdelespoir.fr\/?page_id=5475","title":{"rendered":"Professionnels"},"content":{"rendered":"<section class=\"l-section wpb_row height_medium color_primary with_img parallax_ver with_overlay\"><div class=\"l-section-img\" style=\"background-image: url(https:\/\/www.lespapiersdelespoir.fr\/wp-content\/uploads\/2018\/06\/parc-vehicules.jpg);\" data-img-width=\"1024\" data-img-height=\"612\"><\/div><div class=\"l-section-overlay\" style=\"background-color: rgba(55,193,204,0.9)\"><\/div><div class=\"l-section-h i-cf\"><div class=\"g-cols offset_medium\"><div class=\" full-width\"><div class=\"g-cols wpb_row offset_medium vc_inner \"><div class=\" full-width\"><div class=\"wpb_text_column \"><div class=\"wpb_wrapper\">\n<h1 style=\"text-align: center;\">Professionnels, l&rsquo;enjeu pour votre entreprise :<\/h1>\n<\/div> <\/div> <div class=\"wpb_text_column \"><div class=\"wpb_wrapper\">\n<h3 style=\"text-align: center;\">Apporter votre soutien \u00e0\u00a0 \u00ab\u00a0Papiers de l\u2019Espoir\u00a0\u00bb c\u2019est venir en aide aux enfants d\u00e9favoris\u00e9s et contribuer \u00e0 la protection de l\u2019environnement. C\u2019est \u00e9galement \u00ab\u00a0f\u00e9d\u00e9rer\u00a0\u00bb votre personnel autour d\u2019un projet g\u00e9n\u00e9reux et valorisant pour l\u2019entreprise.<\/h3>\n<\/div> <\/div> <\/div><\/div><\/div><\/div><\/div><\/section><section class=\"l-section wpb_row height_medium\"><div class=\"l-section-h i-cf\"><div class=\"g-cols offset_medium\"><div class=\" full-width\"><div class=\"wpb_text_column \"><div class=\"wpb_wrapper\">\n<h3>\u00a0 <strong>Par un simple geste , le tri et le don des papiers qui vous encombrent, soyez ACTEURS de l\u2019action engag\u00e9e par \u00ab\u00a0Papiers de l\u2019espoir\u00a0\u00bb.<\/strong><\/h3>\n<\/div> <\/div> <div class=\"w-separator type_default size_small thick_1 style_solid color_border cont_none\"><span class=\"w-separator-h\"><\/span><\/div><div class=\"wpb_text_column \"><div class=\"wpb_wrapper\">\n<h4 style=\"text-align: center;\"><strong><span style=\"color: #37c1cc;\">Ce qui peut \u00eatre collect\u00e9 aupr\u00e8s des entreprises :<\/span><\/strong><\/h4>\n<\/div> <\/div> <div class=\"g-cols wpb_row offset_medium vc_inner \"><div class=\" one-third\"><div class=\"wpb_text_column \"><div class=\"wpb_wrapper\">\n<h4 style=\"text-align: center;\"><strong>Ecrits blancs \u00e0 usage professionnel<br \/><\/strong>(courrier. . )<\/h4>\n<\/div> <\/div> <\/div><div class=\" one-third\"><div class=\"wpb_text_column \"><div class=\"wpb_wrapper\">\n<h4 style=\"text-align: center;\"><strong>Archives<\/strong><br \/>(un certificat de destruction peut vous \u00eatre fourni si vous le souhaitez)<\/h4>\n<\/div> <\/div> <\/div><div class=\" one-third\"><div class=\"wpb_text_column \"><div class=\"wpb_wrapper\">\n<h4 style=\"text-align: center;\"><strong>Journaux , magazines , publicit\u00e9s \u2026<\/strong><\/h4>\n<\/div> <\/div> <\/div><\/div><div class=\"w-separator type_default size_small thick_1 style_solid color_border cont_none\"><span class=\"w-separator-h\"><\/span><\/div><div class=\"g-cols wpb_row offset_large vc_inner \"><div class=\" full-width\"><div class=\"wpb_text_column \"><div class=\"wpb_wrapper\">\n<p style=\"text-align: center;\">Nos interventions bas\u00e9es sur le b\u00e9n\u00e9volat sont sans surco\u00fbt pour votre \u00e9tablissement.<\/p>\n<p style=\"text-align: center;\"><strong>Elles sont limit\u00e9es \u00e0 environ 70 kms autour de Nantes.<\/strong><\/p>\n<p style=\"text-align: center;\">Vous pouvez cependant devenir une entreprise solidaire en soutenant \u00e9galement notre action par le versement de dons.<\/p>\n<\/div> <\/div> <\/div><\/div><\/div><\/div><\/div><\/section><section class=\"l-section wpb_row height_medium color_primary\"><div class=\"l-section-h i-cf\"><div class=\"g-cols offset_medium\"><div class=\" full-width\"><div class=\"wpb_text_column \"><div class=\"wpb_wrapper\">\n<h3 style=\"text-align: center;\"><strong>Le d\u00e9veloppement durable et soutenable, est un d\u00e9veloppement qui r\u00e9pond aux besoins du pr\u00e9sent sans compromettre la capacit\u00e9 des g\u00e9n\u00e9rations futures de r\u00e9pondre aux leurs.<\/strong><\/h3>\n<\/div> <\/div> <div class=\"w-btn-wrapper align_center\"><a class=\"w-btn style_raised color_secondary icon_none\" href=\"http:\/\/www.lespapiersdelespoir.fr\/?page_id=5610\"><span class=\"w-btn-label\">Contactez-nous<\/span><\/a><\/div><\/div><\/div><\/div><\/section>\n\n\n<p><\/p>\n","protected":false},"excerpt":{"rendered":"Professionnels, l'enjeu pour votre entreprise : Apporter votre soutien \u00e0\u00a0 \"Papiers de l\u2019Espoir\" c\u2019est venir en aide aux enfants d\u00e9favoris\u00e9s et contribuer \u00e0 la protection de l\u2019environnement. C\u2019est \u00e9galement \u00ab\u00a0f\u00e9d\u00e9rer\u00a0\u00bb votre personnel autour d\u2019un projet g\u00e9n\u00e9reux et valorisant pour l\u2019entreprise....","protected":false},"author":1,"featured_media":0,"parent":0,"menu_order":0,"comment_status":"closed","ping_status":"closed","template":"","meta":{"footnotes":""},"class_list":["post-5475","page","type-page","status-publish","hentry"],"_links":{"self":[{"href":"https:\/\/www.lespapiersdelespoir.fr\/index.php?rest_route=\/wp\/v2\/pages\/5475","targetHints":{"allow":["GET"]}}],"collection":[{"href":"https:\/\/www.lespapiersdelespoir.fr\/index.php?rest_route=\/wp\/v2\/pages"}],"about":[{"href":"https:\/\/www.lespapiersdelespoir.fr\/index.php?rest_route=\/wp\/v2\/types\/page"}],"author":[{"embeddable":true,"href":"https:\/\/www.lespapiersdelespoir.fr\/index.php?rest_route=\/wp\/v2\/users\/1"}],"replies":[{"embeddable":true,"href":"https:\/\/www.lespapiersdelespoir.fr\/index.php?rest_route=%2Fwp%2Fv2%2Fcomments&post=5475"}],"version-history":[{"count":7,"href":"https:\/\/www.lespapiersdelespoir.fr\/index.php?rest_route=\/wp\/v2\/pages\/5475\/revisions"}],"predecessor-version":[{"id":5797,"href":"https:\/\/www.lespapiersdelespoir.fr\/index.php?rest_route=\/wp\/v2\/pages\/5475\/revisions\/5797"}],"wp:attachment":[{"href":"https:\/\/www.lespapiersdelespoir.fr\/index.php?rest_route=%2Fwp%2Fv2%2Fmedia&parent=5475"}],"curies":[{"name":"wp","href":"https:\/\/api.w.org\/{rel}","templated":true}]}}