{"id":5471,"date":"2018-06-07T12:17:31","date_gmt":"2018-06-07T11:17:31","guid":{"rendered":"http:\/\/www.olivier-richard.fr\/wpk2\/?page_id=5471"},"modified":"2018-12-17T11:15:36","modified_gmt":"2018-12-17T09:15:36","slug":"en-france","status":"publish","type":"page","link":"https:\/\/www.lespapiersdelespoir.fr\/?page_id=5471","title":{"rendered":"Nos actions en France"},"content":{"rendered":"<section class=\"l-section wpb_row height_medium\"><div class=\"l-section-h i-cf\"><div class=\"g-cols offset_medium\"><div class=\" full-width\"><div class=\"w-tabs navpos_left navwidth_auto title_left layout_ver icon_chevron iconpos_right \"><div class=\"w-tabs-list items_3\"><div class=\"w-tabs-list-h\"><div class=\"w-tabs-item active\"><a href=\"#1528457087219-b5b58d83-b4b1\" class=\"w-tabs-item-h\"><span class=\"w-tabs-item-title\">CENRO \u2013 Vertou<\/span><\/a><\/div>\n<div class=\"w-tabs-item\"><a href=\"#1528457087250-f37de53a-a8a8\" class=\"w-tabs-item-h\"><span class=\"w-tabs-item-title\">Handichien Chien d\u2019assistance<\/span><\/a><\/div>\n<div class=\"w-tabs-item\"><a href=\"#1545037989693-b362376a-3e45\" class=\"w-tabs-item-h\"><span class=\"w-tabs-item-title\">Les Apprentis d\u2019Auteuil<\/span><\/a><\/div>\n<\/div><\/div><div class=\"w-tabs-sections\"><div class=\"w-tabs-sections-h\"><div class=\"w-tabs-section active\" id=\"1528457087219-b5b58d83-b4b1\"><a href=\"#1528457087219-b5b58d83-b4b1\" class=\"w-tabs-section-header\"><div class=\"w-tabs-section-header-h\"><h5 class=\"w-tabs-section-title\">CENRO \u2013 Vertou<\/h5><div class=\"w-tabs-section-control\"><\/div><\/div><\/a><div class=\"w-tabs-section-content\"><div class=\"w-tabs-section-content-h i-cf\"><div class=\"wpb_text_column \"><div class=\"wpb_wrapper\"><p>Cet \u00e9tablissement bien connu de Vertou nous a sollicit\u00e9 pour participer \u00e0 la r\u00e9alisation d\u2019un terrain multisports. Initialement estim\u00e9e \u00e0 15 000 \u20ac en 2016, la structure sp\u00e9cifique a n\u00e9cessit\u00e9 une plate-forme adapt\u00e9e entra\u00eenant le doublement du co\u00fbt. Notre aide a \u00e9t\u00e9 \u00e9tal\u00e9e sur 4 ans de 2016 \u00e0 2019.<\/p><\/div> <\/div> <\/div><\/div><\/div><div class=\"w-tabs-section\" id=\"1528457087250-f37de53a-a8a8\"><a href=\"#1528457087250-f37de53a-a8a8\" class=\"w-tabs-section-header\"><div class=\"w-tabs-section-header-h\"><h5 class=\"w-tabs-section-title\">Handichien Chien d\u2019assistance<\/h5><div class=\"w-tabs-section-control\"><\/div><\/div><\/a><div class=\"w-tabs-section-content\"><div class=\"w-tabs-section-content-h i-cf\"><div class=\"wpb_text_column \"><div class=\"wpb_wrapper\"><p>Depuis 2015, chaque ann\u00e9e, \u00a0nous avons pu offrir un CHIEN D\u2019ASSISTANCE<strong>\u00a0 <\/strong>\u00e0 une personne handicap\u00e9e, par l\u2019interm\u00e9diaire de l\u2019Association Handichien. Le co\u00fbt de dressage d\u2019un chien \u2013 qui dure 2 ans- est de 15 000 \u20ac. En juin 2017, LINK (c\u2019est le nom du chien) a \u00e9t\u00e9 attribu\u00e9 au jeune Th\u00e9o Louis, \u00e2g\u00e9 de 7 ans, atteint de dystrophie musculaire de Duchenne, et demeurant chez ses parents \u00e0 Vieillevigne.<\/p>\n<\/p><\/div> <\/div> <\/div><\/div><\/div><div class=\"w-tabs-section\" id=\"1545037989693-b362376a-3e45\"><a href=\"#1545037989693-b362376a-3e45\" class=\"w-tabs-section-header\"><div class=\"w-tabs-section-header-h\"><h5 class=\"w-tabs-section-title\">Les Apprentis d\u2019Auteuil<\/h5><div class=\"w-tabs-section-control\"><\/div><\/div><\/a><div class=\"w-tabs-section-content\"><div class=\"w-tabs-section-content-h i-cf\"><div class=\"wpb_text_column \"><div class=\"wpb_wrapper\"><p>Notre premier projet a \u00e9t\u00e9 la prise en charge de l\u2019\u00e9dition d\u2019un jeu \u00e9ducatif pour jeunes adolescents distribu\u00e9 dans chacun de leurs 400 \u00e9tablissements.<br \/>\nNous avons \u00e9galement favoris\u00e9 le d\u00e9veloppement d\u2019une section Mara\u00eech\u00e8re, avec la participation d\u2019un de nos b\u00e9n\u00e9voles lui-m\u00eame mara\u00eecher de profession, pour permettre \u00e0 quelques jeunes du centre de Bouguenais de profiter de l\u2019essor de l\u2019industrie mara\u00eech\u00e8re de la r\u00e9gion nantaise.<\/p><\/div> <\/div> <\/div><\/div><\/div><\/div><\/div><\/div><\/div><\/div><\/div><\/section><section class=\"l-section wpb_row height_medium\"><div class=\"l-section-h i-cf\"><div class=\"g-cols offset_medium\"><div class=\" full-width\"><\/div><\/div><\/div><\/section><section class=\"l-section wpb_row height_medium\"><div class=\"l-section-h i-cf\"><div class=\"g-cols offset_medium\"><div class=\" full-width\"><\/div><\/div><\/div><\/section><section class=\"l-section wpb_row height_medium\"><div class=\"l-section-h i-cf\"><div class=\"g-cols offset_medium\"><div class=\" full-width\"><\/div><\/div><\/div><\/section><section class=\"l-section wpb_row height_medium\"><div class=\"l-section-h i-cf\"><div class=\"g-cols offset_medium\"><div class=\" full-width\"><\/div><\/div><\/div><\/section>\n","protected":false},"excerpt":{"rendered":"CENRO \u2013 Vertou Handichien Chien d\u2019assistance Les Apprentis d\u2019Auteuil CENRO \u2013 VertouCet \u00e9tablissement bien connu de Vertou nous a sollicit\u00e9 pour participer \u00e0 la r\u00e9alisation d\u2019un terrain multisports. Initialement estim\u00e9e \u00e0 15 000 \u20ac en 2016, la structure sp\u00e9cifique a...","protected":false},"author":1,"featured_media":0,"parent":0,"menu_order":0,"comment_status":"closed","ping_status":"closed","template":"","meta":{"footnotes":""},"class_list":["post-5471","page","type-page","status-publish","hentry"],"_links":{"self":[{"href":"https:\/\/www.lespapiersdelespoir.fr\/index.php?rest_route=\/wp\/v2\/pages\/5471","targetHints":{"allow":["GET"]}}],"collection":[{"href":"https:\/\/www.lespapiersdelespoir.fr\/index.php?rest_route=\/wp\/v2\/pages"}],"about":[{"href":"https:\/\/www.lespapiersdelespoir.fr\/index.php?rest_route=\/wp\/v2\/types\/page"}],"author":[{"embeddable":true,"href":"https:\/\/www.lespapiersdelespoir.fr\/index.php?rest_route=\/wp\/v2\/users\/1"}],"replies":[{"embeddable":true,"href":"https:\/\/www.lespapiersdelespoir.fr\/index.php?rest_route=%2Fwp%2Fv2%2Fcomments&post=5471"}],"version-history":[{"count":4,"href":"https:\/\/www.lespapiersdelespoir.fr\/index.php?rest_route=\/wp\/v2\/pages\/5471\/revisions"}],"predecessor-version":[{"id":5729,"href":"https:\/\/www.lespapiersdelespoir.fr\/index.php?rest_route=\/wp\/v2\/pages\/5471\/revisions\/5729"}],"wp:attachment":[{"href":"https:\/\/www.lespapiersdelespoir.fr\/index.php?rest_route=%2Fwp%2Fv2%2Fmedia&parent=5471"}],"curies":[{"name":"wp","href":"https:\/\/api.w.org\/{rel}","templated":true}]}}