{"id":5385,"date":"2014-10-08T13:39:25","date_gmt":"2014-10-08T13:39:25","guid":{"rendered":"http:\/\/us-themes.com\/wp\/Astra\/?page_id=1546"},"modified":"2026-01-12T11:27:48","modified_gmt":"2026-01-12T09:27:48","slug":"home","status":"publish","type":"page","link":"https:\/\/www.lespapiersdelespoir.fr\/","title":{"rendered":"1-Home"},"content":{"rendered":"<section class=\"l-section wpb_row height_auto width_full color_custom\" style=\"background-color: #212121;\"><div class=\"l-section-h i-cf\"><div class=\"g-cols offset_medium\"><div class=\" full-width\"><div class=\"wpb_text_column \"><div class=\"wpb_wrapper\"><p>[rev_slider_vc alias=\u00a0\u00bbslideshow-accueil\u00a0\u00bb]<\/p><\/div> <\/div> <\/div><\/div><\/div><\/section><section class=\"l-section wpb_row height_medium\" style=\"margin-bottom: 0px !important;\"><div class=\"l-section-h i-cf\"><div class=\"g-cols offset_medium\"><div class=\" two-thirds\"><div class=\"wpb_text_column \"><div class=\"wpb_wrapper\">\n<h2><span style=\"color: #2abad1;\">Une id\u00e9e simple<\/span><\/h2>\n<\/div> <\/div> <div class=\"wpb_text_column \"><div class=\"wpb_wrapper\"><strong>L\u2019association Papiers de l\u2019Espoir, c\u2019est avant tout une id\u00e9e simple et g\u00e9n\u00e9reuse : des BENEVOLES collectent aupr\u00e8s des SOCIETES, ORGANISMES, COLLECTIVITES, le papier usag\u00e9 devenu inutile et encombrant.<\/strong><\/p>\n<p>Ce papier collect\u00e9 est revendu \u00e0 des entreprises sp\u00e9cialis\u00e9es dans son recyclage. Les fonds ainsi d\u00e9gag\u00e9s financent des projets humanitaires et \u00e9ducatifs en France et dans les pays en d\u00e9veloppement.<br \/>\nUne tonne de papiers permet de financer, par exemple, 20 livres scolaires. L\u2019activit\u00e9 de Papiers de l\u2019Espoir (<strong>70 kms environ autour de Nantes<\/strong>) a permis en 2023 de participer et d\u2019aider \u00e0 la scolarisation de 20 000 enfants.<\/p>\n<p><strong>Papiers de l&rsquo;espoir ne re\u00e7oit aucune subvention .<\/strong><strong><br \/>\nPapiers de l&rsquo; Espoir n&rsquo; a aucun salari\u00e9, nous sommes TOUS des B\u00e9n\u00e9voles .<\/strong><\/p>\n<p><span style=\"font-family: arial,helvetica,sans-serif; font-size: small;\"><strong>\u00a0<\/strong><\/span><\/div> <\/div> <\/div><div class=\" one-third\"><div class=\"w-image \"><img loading=\"lazy\" decoding=\"async\" width=\"435\" height=\"311\" src=\"https:\/\/www.lespapiersdelespoir.fr\/wp-content\/uploads\/2014\/10\/journaux.jpg\" class=\"attachment-large size-large\" alt=\"\" srcset=\"https:\/\/www.lespapiersdelespoir.fr\/wp-content\/uploads\/2014\/10\/journaux.jpg 435w, https:\/\/www.lespapiersdelespoir.fr\/wp-content\/uploads\/2014\/10\/journaux-300x214.jpg 300w\" sizes=\"auto, (max-width: 435px) 100vw, 435px\" \/><\/div><\/div><\/div><\/div><\/section><section class=\"l-section wpb_row height_medium color_primary with_img with_overlay\" style=\"margin-top: 0px !important;padding-top: 0px !important;\"><div class=\"l-section-img\" style=\"background-image: url(https:\/\/www.lespapiersdelespoir.fr\/wp-content\/uploads\/2018\/06\/Les-enfants-de-CM2.jpg);\" data-img-width=\"1024\" data-img-height=\"768\"><\/div><div class=\"l-section-overlay\" style=\"background-color: rgba(55,193,204,0.85)\"><\/div><div class=\"l-section-h i-cf\"><div class=\"g-cols offset_small\"><div class=\" full-width  vc_custom_1460633345886\"><div class=\"wpb_text_column \"><div class=\"wpb_wrapper\">\n<h2 style=\"text-align: center;\">Papiers de l&rsquo;Espoir en chiffres<\/h2>\n<\/div> <\/div> <div class=\"g-cols wpb_row offset_medium vc_inner  vc_custom_1528909180029\"><div class=\" one-quarter\"><div class=\"stats-block stats-top \"><div class=\"aio-icon-top\"><div class=\"ult-just-icon-wrapper \"><div class=\"align-icon\" style=\"text-align:center;\">\n<div class=\"aio-icon none \"  style=\"color:#333333;font-size:32px;display:inline-block;\">\n\t<i class=\"none\"><\/i>\n<\/div><\/div><\/div><\/div><div class=\"stats-desc\"><div id=\"counter_116918326269d01754dd159\" data-id=\"counter_116918326269d01754dd159\" class=\"stats-number\" style=\"font-size:60px; color:#ffffff; \" data-speed=\"2\" data-counter-value=\"2700\" data-separator=\"none\" data-decimal=\"none\">0<\/div><div class=\"stats-text\" style=\"font-size:18px; color:#ffffff; \">tonnes de papier r\u00e9colt\u00e9s en 2025<\/div><\/div><\/div><\/div><div class=\" one-quarter\"><div class=\"stats-block stats-top \"><div class=\"aio-icon-top\"><div class=\"ult-just-icon-wrapper \"><div class=\"align-icon\" style=\"text-align:center;\">\n<div class=\"aio-icon none \"  style=\"color:#333333;font-size:32px;display:inline-block;\">\n\t<i class=\"none\"><\/i>\n<\/div><\/div><\/div><\/div><div class=\"stats-desc\"><div id=\"counter_112703906469d01754dd1e0\" data-id=\"counter_112703906469d01754dd1e0\" class=\"stats-number\" style=\"font-size:60px; color:#ffffff; \" data-speed=\"2\" data-counter-value=\"187\" data-separator=\"none\" data-decimal=\"none\">0<\/div><div class=\"stats-text\" style=\"font-size:18px; color:#ffffff; \">b\u00e9n\u00e9voles<\/div><\/div><\/div><\/div><div class=\" one-quarter  vc_custom_1528909227064\"><div class=\"stats-block stats-top \"><div class=\"aio-icon-top\"><div class=\"ult-just-icon-wrapper \"><div class=\"align-icon\" style=\"text-align:center;\">\n<div class=\"aio-icon none \"  style=\"color:#333333;font-size:32px;display:inline-block;\">\n\t<i class=\"none\"><\/i>\n<\/div><\/div><\/div><\/div><div class=\"stats-desc\"><div id=\"counter_132268229269d01754dd250\" data-id=\"counter_132268229269d01754dd250\" class=\"stats-number\" style=\"font-size:60px; color:#ffffff; \" data-speed=\"2\" data-counter-value=\"4.97\" data-separator=\"none\" data-decimal=\",\">0<\/div><div class=\"stats-text\" style=\"font-size:18px; color:#ffffff; \">m\u20ac distribu\u00e9s depuis 21 ans<\/div><\/div><\/div><\/div><div class=\" one-quarter\"><div class=\"stats-block stats-top \"><div class=\"aio-icon-top\"><div class=\"ult-just-icon-wrapper \"><div class=\"align-icon\" style=\"text-align:center;\">\n<div class=\"aio-icon none \"  style=\"color:#333333;font-size:32px;display:inline-block;\">\n\t<i class=\"none\"><\/i>\n<\/div><\/div><\/div><\/div><div class=\"stats-desc\"><div id=\"counter_157474515269d01754dd2bd\" data-id=\"counter_157474515269d01754dd2bd\" class=\"stats-number\" style=\"font-size:60px; color:#ffffff; \" data-speed=\"2\" data-counter-value=\"60\" data-separator=\"none\" data-decimal=\"none\">0<\/div><div class=\"stats-text\" style=\"font-size:18px; color:#ffffff; \">associations aid\u00e9es dans le monde en 2025<\/div><\/div><\/div><\/div><\/div><\/div><\/div><\/div><\/section><section class=\"l-section wpb_row height_medium\"><div class=\"l-section-h i-cf\"><div class=\"g-cols offset_medium\"><div class=\" full-width\"><div class=\"wpb_text_column \"><div class=\"wpb_wrapper\">\n<h3 style=\"text-align: center;\">Actus\u00a0et m\u00e9dias<\/h3>\n<\/div> <\/div> <div class=\"w-blog layout_classic cols_3\" itemscope=\"itemscope\" itemtype=\"https:\/\/schema.org\/Blog\"><div class=\"w-blog-list\">\r\n\r\n<article class=\"w-blog-post actus post-6410 post type-post status-publish format-standard hentry category-actus\" data-id=\"6410\" data-categories=\"actus\">\r\n\t<div class=\"w-blog-post-h\">\r\n\t\t<a href=\"https:\/\/www.lespapiersdelespoir.fr\/?p=6410\">\r\n\t\t\t<div class=\"w-blog-post-preview\">\r\n\t\t\t\t\t\t\t\t<span class=\"w-blog-post-preview-icon\"><\/span>\r\n\t\t\t<\/div>\r\n\t\t<\/a>\r\n\t\t<div class=\"w-blog-post-body\">\r\n\t\t\t<h2 class=\"w-blog-post-title\">\r\n\t\t\t\t<a class=\"entry-title\" rel=\"bookmark\" href=\"https:\/\/www.lespapiersdelespoir.fr\/?p=6410\">Octobre 2024 Papiers de l&rsquo;Espoir f\u00eate ses 20 ans<\/a>\r\n\t\t\t<\/h2>\r\n\t\t\t<div class=\"w-blog-post-meta\">\r\n\t\t\t\t<time class=\"w-blog-post-meta-date date updated\">29 octobre 2024<\/time><span class=\"w-blog-post-meta-author vcard author hidden\"><a href=\"https:\/\/www.lespapiersdelespoir.fr\/?author=7\" class=\"fn\">Bernard Thouzeau<\/a><\/span>\t\t\t<\/div>\r\n\t\t\t<a class=\"w-blog-post-more w-btn\" href=\"https:\/\/www.lespapiersdelespoir.fr\/?p=6410\"><span class=\"w-btn-label\">En Savoir Plus<\/span><\/a>\r\n\t\t<\/div>\r\n\t<\/div>\r\n<\/article>\r\n\r\n\r\n\r\n<article class=\"w-blog-post actus post-5856 post type-post status-publish format-standard hentry category-actus\" data-id=\"5856\" data-categories=\"actus\">\r\n\t<div class=\"w-blog-post-h\">\r\n\t\t<a href=\"https:\/\/www.lespapiersdelespoir.fr\/?p=5856\">\r\n\t\t\t<div class=\"w-blog-post-preview\">\r\n\t\t\t\t\t\t\t\t<span class=\"w-blog-post-preview-icon\"><\/span>\r\n\t\t\t<\/div>\r\n\t\t<\/a>\r\n\t\t<div class=\"w-blog-post-body\">\r\n\t\t\t<h2 class=\"w-blog-post-title\">\r\n\t\t\t\t<a class=\"entry-title\" rel=\"bookmark\" href=\"https:\/\/www.lespapiersdelespoir.fr\/?p=5856\">Avril 2024 AG Le bon bilan des Papiers de l&rsquo;espoir<\/a>\r\n\t\t\t<\/h2>\r\n\t\t\t<div class=\"w-blog-post-meta\">\r\n\t\t\t\t<time class=\"w-blog-post-meta-date date updated\">20 avril 2024<\/time><span class=\"w-blog-post-meta-author vcard author hidden\"><a href=\"https:\/\/www.lespapiersdelespoir.fr\/?author=7\" class=\"fn\">Bernard Thouzeau<\/a><\/span>\t\t\t<\/div>\r\n\t\t\t<a class=\"w-blog-post-more w-btn\" href=\"https:\/\/www.lespapiersdelespoir.fr\/?p=5856\"><span class=\"w-btn-label\">En Savoir Plus<\/span><\/a>\r\n\t\t<\/div>\r\n\t<\/div>\r\n<\/article>\r\n\r\n\r\n\r\n<article class=\"w-blog-post actus post-5854 post type-post status-publish format-standard hentry category-actus\" data-id=\"5854\" data-categories=\"actus\">\r\n\t<div class=\"w-blog-post-h\">\r\n\t\t<a href=\"https:\/\/www.lespapiersdelespoir.fr\/?p=5854\">\r\n\t\t\t<div class=\"w-blog-post-preview\">\r\n\t\t\t\t\t\t\t\t<span class=\"w-blog-post-preview-icon\"><\/span>\r\n\t\t\t<\/div>\r\n\t\t<\/a>\r\n\t\t<div class=\"w-blog-post-body\">\r\n\t\t\t<h2 class=\"w-blog-post-title\">\r\n\t\t\t\t<a class=\"entry-title\" rel=\"bookmark\" href=\"https:\/\/www.lespapiersdelespoir.fr\/?p=5854\">Mars 2023 AG des Papiers de l&rsquo;Espoir<\/a>\r\n\t\t\t<\/h2>\r\n\t\t\t<div class=\"w-blog-post-meta\">\r\n\t\t\t\t<time class=\"w-blog-post-meta-date date updated\">20 avril 2023<\/time><span class=\"w-blog-post-meta-author vcard author hidden\"><a href=\"https:\/\/www.lespapiersdelespoir.fr\/?author=7\" class=\"fn\">Bernard Thouzeau<\/a><\/span>\t\t\t<\/div>\r\n\t\t\t<a class=\"w-blog-post-more w-btn\" href=\"https:\/\/www.lespapiersdelespoir.fr\/?p=5854\"><span class=\"w-btn-label\">En Savoir Plus<\/span><\/a>\r\n\t\t<\/div>\r\n\t<\/div>\r\n<\/article>\r\n\r\n<\/div><\/div><div class=\"w-btn-wrapper align_center\"><a class=\"w-btn style_raised color_primary icon_atright\" href=\"http:\/\/www.lespapiersdelespoir.fr\/?page_id=5525\"><i class=\"fa fa-newspaper-o\"><\/i><span class=\"w-btn-label\">Voir tous les articles<\/span><\/a><\/div><\/div><\/div><\/div><\/section><section class=\"l-section wpb_row height_auto width_full\"><div class=\"l-section-h i-cf\"><div class=\"g-cols offset_medium\"><div class=\" full-width\"><div class=\"w-separator type_default size_small thick_1 style_solid color_border cont_icon\"><span class=\"w-separator-h\"><i class=\"fa fa-angle-down\"><\/i><\/span><\/div><div class=\"wpb_text_column \"><div class=\"wpb_wrapper\">\n<h3 style=\"text-align: center;\">Nos actions dans le monde<\/h3>\n<\/div> <\/div> <div class=\"wpb_text_column \"><div class=\"wpb_wrapper\">\n<div class=\"google-maps-builder-wrap\">\n\n\t<div id=\"google-maps-builder-5577\" class=\"google-maps-builder\"  data-map-id=\"5577\" style=\"width:100%; height:550px\"><\/div>\n\n\t\n<\/div>\n<\/div> <\/div> <\/div><\/div><\/div><\/section><section class=\"l-section wpb_row height_medium color_primary with_img with_overlay\"><div class=\"l-section-img\" style=\"background-image: url(https:\/\/www.lespapiersdelespoir.fr\/wp-content\/uploads\/2014\/10\/benevoles.jpg);\" data-img-width=\"1493\" data-img-height=\"499\"><\/div><div class=\"l-section-overlay\" style=\"background-color: rgba(30,51,53,0.8)\"><\/div><div class=\"l-section-h i-cf\"><div class=\"g-cols offset_medium\"><div class=\" full-width\"><div class=\"g-cols wpb_row offset_medium vc_inner \"><div class=\" one-third\"><div class=\"w-image \"><img loading=\"lazy\" decoding=\"async\" width=\"160\" height=\"77\" src=\"https:\/\/www.lespapiersdelespoir.fr\/wp-content\/uploads\/2014\/10\/logo-blanc.png\" class=\"attachment-large size-large\" alt=\"\" \/><\/div><\/div><div class=\" one-third\"><div class=\"w-iconbox iconpos_left size_tiny style_default color_light\"><div class=\"w-iconbox-icon\"><i class=\"fa fa-map-marker\"><\/i><\/div><h4 class=\"w-iconbox-title\">Papiers de l\u2019Espoir<\/h4><div class=\"w-iconbox-text\">16 Rue des Entrepreneurs<br \/>\n44120 VERTOU<br \/>\nT\u00e9l. : 02 40 34 29 24<br \/>\nMobile : 06 75 67 98 02<br \/>\ncontact@lespapiersdelespoir.fr<\/div><\/div><\/div><div class=\" one-third\"><div class=\"w-iconbox iconpos_left size_tiny style_default color_light\"><div class=\"w-iconbox-icon\"><i class=\"fa fa-map-marker\"><\/i><\/div><h4 class=\"w-iconbox-title\">Agence de St-Nazaire<\/h4><div class=\"w-iconbox-text\">Bd du Moulin de la Butte<br \/>\n44600 ST-NAZAIRE<br \/>\nT\u00e9l. : 06 37 27 14 22<br \/>\nstnazaire@lespapiersdelespoir.fr<\/div><\/div><\/div><\/div><\/div><\/div><\/div><\/section>\n","protected":false},"excerpt":{"rendered":"","protected":false},"author":1,"featured_media":0,"parent":0,"menu_order":0,"comment_status":"closed","ping_status":"closed","template":"","meta":{"footnotes":""},"class_list":["post-5385","page","type-page","status-publish","hentry"],"_links":{"self":[{"href":"https:\/\/www.lespapiersdelespoir.fr\/index.php?rest_route=\/wp\/v2\/pages\/5385","targetHints":{"allow":["GET"]}}],"collection":[{"href":"https:\/\/www.lespapiersdelespoir.fr\/index.php?rest_route=\/wp\/v2\/pages"}],"about":[{"href":"https:\/\/www.lespapiersdelespoir.fr\/index.php?rest_route=\/wp\/v2\/types\/page"}],"author":[{"embeddable":true,"href":"https:\/\/www.lespapiersdelespoir.fr\/index.php?rest_route=\/wp\/v2\/users\/1"}],"replies":[{"embeddable":true,"href":"https:\/\/www.lespapiersdelespoir.fr\/index.php?rest_route=%2Fwp%2Fv2%2Fcomments&post=5385"}],"version-history":[{"count":43,"href":"https:\/\/www.lespapiersdelespoir.fr\/index.php?rest_route=\/wp\/v2\/pages\/5385\/revisions"}],"predecessor-version":[{"id":6555,"href":"https:\/\/www.lespapiersdelespoir.fr\/index.php?rest_route=\/wp\/v2\/pages\/5385\/revisions\/6555"}],"wp:attachment":[{"href":"https:\/\/www.lespapiersdelespoir.fr\/index.php?rest_route=%2Fwp%2Fv2%2Fmedia&parent=5385"}],"curies":[{"name":"wp","href":"https:\/\/api.w.org\/{rel}","templated":true}]}}